{"id":9804,"date":"2024-03-08T10:30:45","date_gmt":"2024-03-08T10:30:45","guid":{"rendered":"https:\/\/discoveraroundmorocco.org\/privacy-policy\/"},"modified":"2026-05-02T21:56:11","modified_gmt":"2026-05-02T21:56:11","slug":"datenschutzrichtlinie","status":"publish","type":"page","link":"https:\/\/discoveraroundmorocco.com\/datenschutzrichtlinie\/","title":{"rendered":"Datenschutzrichtlinie"},"content":{"rendered":"\t\t<div data-elementor-type=\"wp-page\" data-elementor-id=\"9804\" class=\"elementor elementor-9804\" data-elementor-post-type=\"page\">\n\t\t\t\t<div class=\"elementor-element elementor-element-a658dba e-flex e-con-boxed e-con e-parent\" data-id=\"a658dba\" data-element_type=\"container\">\n\t\t\t\t\t<div class=\"e-con-inner\">\n\t\t\t\t<div class=\"elementor-element elementor-element-234b33d elementor-widget__width-inherit elementor-widget elementor-widget-image\" data-id=\"234b33d\" data-element_type=\"widget\" data-settings=\"{&quot;wdt_animation_effect&quot;:&quot;none&quot;,&quot;aos_animation_name&quot;:&quot;none&quot;}\" data-widget_type=\"image.default\">\n\t\t\t\t<div class=\"elementor-widget-container\">\n\t\t\t\t\t\t\t\t\t\t\t\t\t<img fetchpriority=\"high\" decoding=\"async\" width=\"1633\" height=\"558\" src=\"https:\/\/discoveraroundmorocco.com\/media\/2024\/03\/d54cea94-fb52-47a0-8cf9-c494818d45a4-4.webp\" class=\"attachment-full size-full wp-image-9844\" alt=\"\" srcset=\"https:\/\/discoveraroundmorocco.com\/media\/2024\/03\/d54cea94-fb52-47a0-8cf9-c494818d45a4-4.webp 1633w, https:\/\/discoveraroundmorocco.com\/media\/2024\/03\/d54cea94-fb52-47a0-8cf9-c494818d45a4-4-300x103.webp 300w, https:\/\/discoveraroundmorocco.com\/media\/2024\/03\/d54cea94-fb52-47a0-8cf9-c494818d45a4-4-1024x350.webp 1024w, https:\/\/discoveraroundmorocco.com\/media\/2024\/03\/d54cea94-fb52-47a0-8cf9-c494818d45a4-4-768x262.webp 768w, https:\/\/discoveraroundmorocco.com\/media\/2024\/03\/d54cea94-fb52-47a0-8cf9-c494818d45a4-4-1536x525.webp 1536w, https:\/\/discoveraroundmorocco.com\/media\/2024\/03\/d54cea94-fb52-47a0-8cf9-c494818d45a4-4-800x273.webp 800w, https:\/\/discoveraroundmorocco.com\/media\/2024\/03\/d54cea94-fb52-47a0-8cf9-c494818d45a4-4-1280x437.webp 1280w\" sizes=\"(max-width: 1633px) 100vw, 1633px\" \/>\t\t\t\t\t\t\t\t\t\t\t\t\t<\/div>\n\t\t\t\t<\/div>\n\t\t\t\t\t<\/div>\n\t\t\t\t<\/div>\n\t\t<div class=\"elementor-element elementor-element-182b907 e-flex e-con-boxed e-con e-parent\" data-id=\"182b907\" data-element_type=\"container\" data-settings=\"{&quot;background_background&quot;:&quot;classic&quot;}\">\n\t\t\t\t\t<div class=\"e-con-inner\">\n\t\t\t\t<div class=\"elementor-element elementor-element-36d2635 elementor-widget elementor-widget-text-editor\" data-id=\"36d2635\" data-element_type=\"widget\" data-settings=\"{&quot;wdt_animation_effect&quot;:&quot;none&quot;,&quot;aos_animation_name&quot;:&quot;none&quot;}\" data-widget_type=\"text-editor.default\">\n\t\t\t\t<div class=\"elementor-widget-container\">\n\t\t\t\t\t\t\t<p><span class=\"HwtZe\" lang=\"nl\"><span class=\"jCAhz ChMk0b\"><span class=\"ryNqvb\">Verken het levendige hart van Marokko met vertrouwen, omdat ons privacybeleid ervoor zorgt dat uw persoonlijke gegevens veilig worden bewaard.<\/span><\/span> <span class=\"jCAhz ChMk0b\"><span class=\"ryNqvb\">Bij Discover Around Morocco zijn we gespecialiseerd in het samenstellen van onvergetelijke reisreizen door de majestueuze landschappen van Marokko, van de bruisende souks van Marrakech tot de serene Sahara-woestijn.<\/span><\/span> <span class=\"jCAhz ChMk0b\"><span class=\"ryNqvb\">Onze toewijding aan privacy is net zo sterk als onze passie voor het laten zien van de schoonheid van de Marokkaanse cultuur.<\/span><\/span> <span class=\"jCAhz ChMk0b\"><span class=\"ryNqvb\">Op deze pagina wordt beschreven hoe we uw gegevens beschermen, van de informatie die we verzamelen tot hoe deze wordt gebruikt, zodat u zorgeloos van uw Marokkaanse avontuur kunt genieten.<\/span><\/span> <span class=\"jCAhz ChMk0b\"><span class=\"ryNqvb\">Ontdek hoe wij uw privacy beschermen terwijl u zich onderdompelt in het rijke erfgoed en het adembenemende landschap van Marokko.<\/span><\/span><\/span><\/p><p><strong>Letzte Aktualisierung: 08. M\u00e4rz 2024 | Inkrafttreten: 08. M\u00e4rz 2024<\/strong><\/p><p>Diese Datenschutzrichtlinie beschreibt die Praktiken von Discover Around Morocco in Bezug auf die Sammlung, Nutzung und Offenlegung Ihrer Informationen, wenn Sie unsere Website (<a href=\"https:\/\/discoveraroundmorocco.com\" target=\"_new\">https:\/\/discoveraroundmorocco.com<\/a>) (&#8220;der Dienst&#8221;) nutzen. Indem Sie auf den Dienst zugreifen oder diesen nutzen, stimmen Sie der Sammlung, Nutzung und Offenlegung Ihrer Informationen gem\u00e4\u00df dieser Datenschutzrichtlinie zu. Wenn Sie nicht einverstanden sind, greifen Sie bitte nicht auf den Dienst zu und nutzen ihn nicht.<\/p><p>Wir behalten uns das Recht vor, diese Datenschutzrichtlinie jederzeit ohne Vorank\u00fcndigung zu \u00e4ndern. Die \u00fcberarbeitete Version wird 180 Tage nach ihrer Ver\u00f6ffentlichung auf dem Dienst wirksam. Ihre fortgesetzte Nutzung des Dienstes nach diesem Zeitraum bedeutet, dass Sie die \u00fcberarbeitete Richtlinie akzeptieren. Wir empfehlen Ihnen, diese Seite regelm\u00e4\u00dfig zu \u00fcberpr\u00fcfen.<\/p><p><strong>Welche Informationen wir sammeln:<\/strong><\/p><p>Wir sammeln und verarbeiten folgende pers\u00f6nliche Informationen \u00fcber Sie:<\/p><ul><li>Name<\/li><li>E-Mail-Adresse<\/li><li>Telefonnummer<\/li><\/ul><p><strong>Wie verwenden wir Ihre Informationen?<\/strong><\/p><p>Wir verwenden die gesammelten Informationen f\u00fcr Zwecke wie:<\/p><ul><li>Beantwortung Ihrer Anfragen (\u00fcber die Kontaktseite) und Verwaltung Ihrer Buchungen (\u00fcber die Buchungsseite)<\/li><\/ul><p>Wenn wir Ihre Informationen f\u00fcr andere Zwecke verwenden m\u00f6chten, werden wir um Ihre Zustimmung bitten und diese erst nach Erhalt Ihrer Zustimmung und nur f\u00fcr die Zwecke verwenden, f\u00fcr die Sie Ihre Zustimmung gegeben haben, es sei denn, wir sind gesetzlich anderweitig verpflichtet.<\/p><p><strong>Aufbewahrung Ihrer Informationen:<\/strong><\/p><p>Ihre pers\u00f6nlichen Informationen werden f\u00fcr einen Zeitraum von 90 Tagen bis 2 Jahren nach Inaktivit\u00e4t Ihres Benutzerkontos oder so lange wie n\u00f6tig aufbewahrt, um die Ziele zu erreichen, f\u00fcr die sie gesammelt wurden, wie in dieser Richtlinie beschrieben. Einige Informationen k\u00f6nnen l\u00e4nger aufbewahrt werden, wie gesetzlich erforderlich oder aus legitimen Gr\u00fcnden wie der Verteidigung von Rechtsanspr\u00fcchen oder der Verhinderung von Betrug. Anonymisierte oder aggregierte Informationen, die Sie nicht identifizieren (direkt oder indirekt), k\u00f6nnen unbegrenzt gespeichert werden.<\/p><p><strong>Ihre Rechte:<\/strong><\/p><p>Gem\u00e4\u00df dem anwendbaren Recht haben Sie das Recht, auf Ihre pers\u00f6nlichen Daten zuzugreifen, diese zu korrigieren oder zu l\u00f6schen, eine Kopie Ihrer Daten zu erhalten, die aktive Verarbeitung Ihrer Daten einzuschr\u00e4nken oder dagegen Einspruch zu erheben, uns zu bitten, Ihre pers\u00f6nlichen Daten an eine andere Einheit zu \u00fcbertragen, jede Zustimmung, die Sie uns zur Verarbeitung Ihrer Daten gegeben haben, zur\u00fcckzuziehen, das Recht, eine Beschwerde bei einer Aufsichtsbeh\u00f6rde einzureichen, und jedes andere relevante Recht gem\u00e4\u00df den geltenden Gesetzen. Um diese Rechte auszu\u00fcben, k\u00f6nnen Sie uns unter <a target=\"_new\">info@discoveraroundmorocco.com<\/a> schreiben. Wir werden Ihrer Anfrage gem\u00e4\u00df dem geltenden Recht nachkommen.<\/p><p>Bitte beachten Sie, dass Sie m\u00f6glicherweise nicht auf die Dienste zugreifen oder diese nutzen k\u00f6nnen, f\u00fcr die Ihre Informationen angefordert wurden, wenn Sie uns nicht erlauben, die erforderlichen pers\u00f6nlichen Informationen zu sammeln oder zu verarbeiten oder wenn Sie Ihre Zustimmung zur Verarbeitung f\u00fcr die erforderlichen Zwecke zur\u00fcckziehen.<\/p><p><strong>Cookies und \u00e4hnliche Technologien:<\/strong><\/p><p>F\u00fcr weitere Informationen dar\u00fcber, wie wir sie verwenden und welche Wahlm\u00f6glichkeiten Sie bez\u00fcglich dieser Tracking-Technologien haben, lesen Sie bitte unsere Cookie-Richtlinie.<\/p><p><strong>Sicherheit:<\/strong> Die Sicherheit Ihrer Informationen ist uns wichtig, und wir werden angemessene Sicherheitsma\u00dfnahmen ergreifen, um den Verlust, Missbrauch oder die unautorisierte \u00c4nderung Ihrer Informationen unter unserer Kontrolle zu verhindern. Angesichts der inh\u00e4renten Risiken k\u00f6nnen wir jedoch keine absolute Sicherheit garantieren und daher nicht sicherstellen oder garantieren, dass die von Ihnen \u00fcbermittelten Informationen sicher sind, und Sie tun dies auf eigenes Risiko.<\/p><p><strong>Beschwerden \/ Datenschutzbeauftragter:<\/strong> Wenn Sie Fragen oder Bedenken bez\u00fcglich der Verarbeitung Ihrer bei uns verf\u00fcgbaren Informationen haben, k\u00f6nnen Sie eine E-Mail an unseren Beschwerdebeauftragten unter Discover Around Morocco, Marokko, E-Mail: <a target=\"_new\">info@discoveraroundmorocco.com<\/a> senden. Wir werden Ihre Bedenken gem\u00e4\u00df dem anwendbaren Recht beantworten.<\/p>\t\t\t\t\t\t<\/div>\n\t\t\t\t<\/div>\n\t\t\t\t\t<\/div>\n\t\t\t\t<\/div>\n\t\t\t\t<\/div>\n\t\t","protected":false},"excerpt":{"rendered":"<p>paynplay casinos Verken het levendige hart van Marokko met vertrouwen, omdat ons privacybeleid ervoor zorgt dat uw persoonlijke gegevens veilig worden bewaard. Bij Discover Around Morocco zijn we gespecialiseerd in het samenstellen van onvergetelijke reisreizen door de majestueuze landschappen van Marokko, van de bruisende souks van Marrakech tot de serene Sahara-woestijn. Onze toewijding aan privacy [&hellip;]<\/p>\n","protected":false},"author":1,"featured_media":9844,"parent":0,"menu_order":0,"comment_status":"closed","ping_status":"closed","template":"elementor_header_footer","meta":{"_acf_changed":false,"footnotes":""},"class_list":["post-9804","page","type-page","status-publish","has-post-thumbnail","hentry"],"acf":[],"aioseo_notices":[],"_links":{"self":[{"href":"https:\/\/discoveraroundmorocco.com\/de\/wp-json\/wp\/v2\/pages\/9804","targetHints":{"allow":["GET"]}}],"collection":[{"href":"https:\/\/discoveraroundmorocco.com\/de\/wp-json\/wp\/v2\/pages"}],"about":[{"href":"https:\/\/discoveraroundmorocco.com\/de\/wp-json\/wp\/v2\/types\/page"}],"author":[{"embeddable":true,"href":"https:\/\/discoveraroundmorocco.com\/de\/wp-json\/wp\/v2\/users\/1"}],"replies":[{"embeddable":true,"href":"https:\/\/discoveraroundmorocco.com\/de\/wp-json\/wp\/v2\/comments?post=9804"}],"version-history":[{"count":2,"href":"https:\/\/discoveraroundmorocco.com\/de\/wp-json\/wp\/v2\/pages\/9804\/revisions"}],"predecessor-version":[{"id":213638,"href":"https:\/\/discoveraroundmorocco.com\/de\/wp-json\/wp\/v2\/pages\/9804\/revisions\/213638"}],"wp:featuredmedia":[{"embeddable":true,"href":"https:\/\/discoveraroundmorocco.com\/de\/wp-json\/wp\/v2\/media\/9844"}],"wp:attachment":[{"href":"https:\/\/discoveraroundmorocco.com\/de\/wp-json\/wp\/v2\/media?parent=9804"}],"curies":[{"name":"wp","href":"https:\/\/api.w.org\/{rel}","templated":true}]}}