{"id":9408,"date":"2024-02-29T09:51:46","date_gmt":"2024-02-29T09:51:46","guid":{"rendered":"https:\/\/discoveraroundmorocco.org\/prenotazione-2\/"},"modified":"2024-03-05T13:26:02","modified_gmt":"2024-03-05T13:26:02","slug":"reservierung","status":"publish","type":"page","link":"https:\/\/discoveraroundmorocco.com\/de\/reservierung\/","title":{"rendered":"Reservierung"},"content":{"rendered":"\t\t<div data-elementor-type=\"wp-page\" data-elementor-id=\"9408\" class=\"elementor elementor-9408 elementor-9399\" data-elementor-post-type=\"page\">\n\t\t\t\t<div class=\"elementor-element elementor-element-912ddb2 e-flex e-con-boxed e-con e-parent\" data-id=\"912ddb2\" data-element_type=\"container\">\n\t\t\t\t\t<div class=\"e-con-inner\">\n\t\t<div class=\"elementor-element elementor-element-10bc42b e-con-full e-flex e-con e-child\" data-id=\"10bc42b\" data-element_type=\"container\">\n\t\t\t\t<div data-aos=\"fade\" data-aos-once=\"true\" class=\"elementor-element elementor-element-b1e9cb1 elementor-widget elementor-widget-vlt-heading\" data-id=\"b1e9cb1\" data-element_type=\"widget\" data-settings=\"{&quot;aos_animation_name&quot;:&quot;fade&quot;,&quot;wdt_animation_effect&quot;:&quot;none&quot;}\" data-widget_type=\"vlt-heading.default\">\n\t\t\t\t<div class=\"elementor-widget-container\">\n\t\t\t\n\t\t<h1 class=\"vlt-heading vlt-heading--style-1\">\n\n\t\t\t\n\t\t\t\t\t\t\tReservierung <span class=\"em-6\">\ud83d\udc2a<\/span>\t\t\t\n\t\t\t\n\t\t<\/h1>\n\n\t\t\t<\/div>\n\t\t\t\t<\/div>\n\t\t\t\t<div data-aos=\"fade\" data-aos-delay=\"100\" data-aos-once=\"true\" class=\"elementor-element elementor-element-912046d elementor-widget elementor-widget-text-editor\" data-id=\"912046d\" data-element_type=\"widget\" data-settings=\"{&quot;aos_animation_name&quot;:&quot;fade&quot;,&quot;wdt_animation_effect&quot;:&quot;none&quot;}\" data-widget_type=\"text-editor.default\">\n\t\t\t\t<div class=\"elementor-widget-container\">\n\t\t\t\t\t\t\t<p><span class=\"HwtZe\" lang=\"de\"><span class=\"jCAhz ChMk0b\"><span class=\"ryNqvb\">Buchen Sie Ihr n\u00e4chstes Abenteuer mit Discover Around Morocco!<\/span><\/span><\/span><\/p>\t\t\t\t\t\t<\/div>\n\t\t\t\t<\/div>\n\t\t\t\t<div data-aos=\"zoom-out-up\" data-aos-once=\"true\" class=\"elementor-element elementor-element-a095c1a elementor-widget elementor-widget-image\" data-id=\"a095c1a\" data-element_type=\"widget\" data-settings=\"{&quot;aos_animation_name&quot;:&quot;zoom-out-up&quot;,&quot;wdt_animation_effect&quot;:&quot;none&quot;}\" data-widget_type=\"image.default\">\n\t\t\t\t<div class=\"elementor-widget-container\">\n\t\t\t\t\t\t\t\t\t\t\t\t\t<img fetchpriority=\"high\" decoding=\"async\" width=\"1024\" height=\"585\" src=\"https:\/\/discoveraroundmorocco.com\/media\/2024\/02\/d558bd25-d2b9-443c-84f6-556900934e8c-1024x585.webp\" class=\"attachment-large size-large wp-image-9062\" alt=\"\" srcset=\"https:\/\/discoveraroundmorocco.com\/media\/2024\/02\/d558bd25-d2b9-443c-84f6-556900934e8c-1024x585.webp 1024w, https:\/\/discoveraroundmorocco.com\/media\/2024\/02\/d558bd25-d2b9-443c-84f6-556900934e8c-300x171.webp 300w, https:\/\/discoveraroundmorocco.com\/media\/2024\/02\/d558bd25-d2b9-443c-84f6-556900934e8c-768x439.webp 768w, https:\/\/discoveraroundmorocco.com\/media\/2024\/02\/d558bd25-d2b9-443c-84f6-556900934e8c-1536x878.webp 1536w, https:\/\/discoveraroundmorocco.com\/media\/2024\/02\/d558bd25-d2b9-443c-84f6-556900934e8c-500x286.webp 500w, https:\/\/discoveraroundmorocco.com\/media\/2024\/02\/d558bd25-d2b9-443c-84f6-556900934e8c-800x457.webp 800w, https:\/\/discoveraroundmorocco.com\/media\/2024\/02\/d558bd25-d2b9-443c-84f6-556900934e8c-1280x731.webp 1280w, https:\/\/discoveraroundmorocco.com\/media\/2024\/02\/d558bd25-d2b9-443c-84f6-556900934e8c.webp 1792w\" sizes=\"(max-width: 1024px) 100vw, 1024px\" \/>\t\t\t\t\t\t\t\t\t\t\t\t\t<\/div>\n\t\t\t\t<\/div>\n\t\t\t\t<\/div>\n\t\t<div class=\"elementor-element elementor-element-0ff763b e-con-full e-flex e-con e-child\" data-id=\"0ff763b\" data-element_type=\"container\">\n\t\t\t\t<div data-aos=\"flip-down\" data-aos-once=\"true\" class=\"elementor-element elementor-element-0f2011d elementor-widget elementor-widget-shortcode\" data-id=\"0f2011d\" data-element_type=\"widget\" data-settings=\"{&quot;aos_animation_name&quot;:&quot;flip-down&quot;,&quot;wdt_animation_effect&quot;:&quot;none&quot;}\" data-widget_type=\"shortcode.default\">\n\t\t\t\t<div class=\"elementor-widget-container\">\n\t\t\t\t\t<div class=\"elementor-shortcode\"><div data-uniq='69df2508af621' class='uniq-69df2508af621 formcraft-css form-live align-left'><script> window.formcraftLogic = window.formcraftLogic || {}; window.formcraftLogic[8] = [[[[\"field6\",\"contains\",\"Other\"]],[[\"show_fields\",\"field8\"]],\"and\"]]; <\/script><div class=\"fc-pagination-cover fc-pagination-1\">\n\t\t\t\t<div class=\"fc-pagination width-100\">\n\t\t\t\t\t<!-- ngRepeat: page in Builder.FormElements track by $index --><div class=\"pagination-trigger \" data-index=\"0\">\n\t\t\t\t\t\t<span class=\"page-number\"><span >1<\/span><\/span>\n\t\t\t\t\t\t<span class=\"page-name \">Step 1<\/span>\n\t\t\t\t\t\t\n\t\t\t\t\t<\/div><!-- end ngRepeat: page in Builder.FormElements track by $index -->\n\t\t\t\t<\/div>\n\t\t\t<\/div>\n\t\t\t\n\t\t\t<style scoped=\"scoped\" >\n\t\t\t@media (max-width : 480px) {\n\t\t\t\t.fc_modal-dialog-8 .fc-pagination-cover .fc-pagination\n\t\t\t\t{\n\t\t\t\t\tbackground-color: none !important;\n\t\t\t\t}\n\t\t\t}\n\t\t\t\t\t\t.formcraft-css .fc-form.fc-form-8 .form-element .submit-cover .submit-button,\n\t\t\t.formcraft-css .fc-form.fc-form-8 .form-element .fileupload-cover .button-file,\n\t\t\t.formcraft-css .fc-form.fc-form-8 .form-element .field-cover .button,\n\t\t\t.formcraft-datepicker .ui-datepicker-header,\n\t\t\t.formcraft-datepicker .ui-datepicker-title\n\t\t\t{\n\t\t\t\tbackground: #6c0000;\n\t\t\t\tcolor: #fff;\n\t\t\t}\n\t\t\t.formcraft-datepicker td .ui-state-active,\n\t\t\t.formcraft-datepicker td .ui-state-hover,\n\t\t\t.formcraft-css .fc-form.fc-form-8 .form-element .slider-cover .ui-slider-range\n\t\t\t{\n\t\t\t\tbackground: #6c0000;\n\t\t\t}\n\t\t\t#ui-datepicker-div.formcraft-datepicker .ui-datepicker-header,\n\t\t\t.formcraft-css .fc-form .field-cover>div.full hr\n\t\t\t{\n\t\t\t\tborder-color: #5f0000;\n\t\t\t}\n\t\t\t#ui-datepicker-div.formcraft-datepicker .ui-datepicker-prev:hover,\n\t\t\t#ui-datepicker-div.formcraft-datepicker .ui-datepicker-next:hover,\n\t\t\t#ui-datepicker-div.formcraft-datepicker select.ui-datepicker-month:hover,\n\t\t\t#ui-datepicker-div.formcraft-datepicker select.ui-datepicker-year:hover\n\t\t\t{\n\t\t\t\tbackground-color: #5f0000;\n\t\t\t}\n\t\t\t.formcraft-css .fc-pagination>div.active .page-number,\n\t\t\t.formcraft-css .form-cover-builder .fc-pagination>div:first-child .page-number\n\t\t\t{\n\t\t\t\tbackground-color: #6c0000;\n\t\t\t\tcolor: #fff;\n\t\t\t}\n\t\t\t#ui-datepicker-div.formcraft-datepicker table.ui-datepicker-calendar th,\n\t\t\t#ui-datepicker-div.formcraft-datepicker table.ui-datepicker-calendar td.ui-datepicker-today a,\n\t\t\t.formcraft-css .fc-form.fc-form-8 .form-element .star-cover label,\n\t\t\thtml .formcraft-css .fc-form.label-floating .form-element .field-cover.has-focus>span,\n\t\t\t.formcraft-css .fc-form.fc-form-8 .form-element .customText-cover a,\n\t\t\t.formcraft-css .prev-next>div span:hover\n\t\t\t{\n\t\t\t\tcolor: #6c0000;\n\t\t\t}\n\t\t\t.formcraft-css .fc-form.fc-form-8 .form-element .customText-cover a:hover\n\t\t\t{\n\t\t\t\tcolor: #5f0000;\n\t\t\t}\n\t\t\thtml .formcraft-css .fc-form.fc-form-8.label-floating .form-element .field-cover > span\n\t\t\t{\n\t\t\t\tcolor: #666666;\n\t\t\t}\n\t\t\thtml .formcraft-css .fc-form .final-success .final-success-check {\n\t\t\t\tborder: 2px solid #666666;\n\t\t\t}\n\t\t\t.formcraft-css .fc-form.fc-form-8 .form-element .field-cover input[type=\"text\"],\n\t\t\t.formcraft-css .fc-form.fc-form-8 .form-element .field-cover input[type=\"email\"],\n\t\t\t.formcraft-css .fc-form.fc-form-8 .form-element .field-cover input[type=\"password\"],\n\t\t\t.formcraft-css .fc-form.fc-form-8 .form-element .field-cover input[type=\"tel\"],\n\t\t\t.formcraft-css .fc-form.fc-form-8 .form-element .field-cover textarea,\n\t\t\t.formcraft-css .fc-form.fc-form-8 .form-element .field-cover select,\n\t\t\t.formcraft-css .fc-form.fc-form-8 .form-element .field-cover .time-fields-cover,\n\t\t\t.formcraft-css .fc-form.fc-form-8 .form-element .field-cover .awesomplete ul\n\t\t\t{\n\t\t\t\tcolor: #777;\n\t\t\t}\n\t\t\t.formcraft-css .fc-form.fc-form-8 .form-element .field-cover input[type=\"text\"],\n\t\t\t.formcraft-css .fc-form.fc-form-8 .form-element .field-cover input[type=\"password\"],\n\t\t\t.formcraft-css .fc-form.fc-form-8 .form-element .field-cover input[type=\"email\"],\n\t\t\t.formcraft-css .fc-form.fc-form-8 .form-element .field-cover input[type=\"radio\"],\n\t\t\t.formcraft-css .fc-form.fc-form-8 .form-element .field-cover input[type=\"checkbox\"],\n\t\t\t.formcraft-css .fc-form.fc-form-8 .form-element .field-cover input[type=\"tel\"],\n\t\t\t.formcraft-css .fc-form.fc-form-8 .form-element .field-cover select,\n\t\t\t.formcraft-css .fc-form.fc-form-8 .form-element .field-cover textarea\n\t\t\t{\n\t\t\t\tbackground-color: #fafafa;\n\t\t\t}\n\t\t\t.formcraft-css .fc-form.fc-form-8 .form-element .field-cover input[type=\"radio\"]:checked,\n\t\t\t.formcraft-css .fc-form.fc-form-8 .form-element .field-cover input[type=\"checkbox\"]:checked {\n\t\t\t\tborder-color: #5f0000;\n\t\t\t\tbackground: #6c0000;\t\t\t\t\n\t\t\t}\n\t\t\t.formcraft-css .fc-form.fc-form-8 .form-element .star-cover label .star\n\t\t\t{\n\t\t\t\ttext-shadow: 0px 1px 0px #5f0000;\n\t\t\t}\n\t\t\t.formcraft-css .fc-form.fc-form-8 .form-element .slider-cover .ui-slider-range\n\t\t\t{\n\t\t\t\tbox-shadow: 0px 1px 1px #5f0000 inset;\n\t\t\t}\n\t\t\t.formcraft-css .fc-form.fc-form-8 .form-element .fileupload-cover .button-file\n\t\t\t{\n\t\t\t\tborder-color: #5f0000;\n\t\t\t}\n\t\t\t.formcraft-css .fc-form.fc-form-8 .form-element .form-element-html input[type=\"password\"]:focus,\n\t\t\t.formcraft-css .fc-form.fc-form-8 .form-element .form-element-html input[type=\"email\"]:focus,\n\t\t\t.formcraft-css .fc-form.fc-form-8 .form-element .form-element-html input[type=\"tel\"]:focus,\n\t\t\t.formcraft-css .fc-form.fc-form-8 .form-element .form-element-html input[type=\"text\"]:focus,\n\t\t\t.formcraft-css .fc-form.fc-form-8 .form-element .form-element-html textarea:focus,\n\t\t\t.formcraft-css .fc-form.fc-form-8 .form-element .form-element-html select:focus\n\t\t\t{\n\t\t\t\tborder-color: #6c0000;\n\t\t\t}\n\t\t\t.formcraft-css .fc-form.fc-form-8 .form-element .form-element-html .field-cover .is-read-only:focus {\n\t\t\t\tborder-color: #ccc;\n\t\t\t}\n\t\t\t.formcraft-css .fc-form.fc-form-8\t\t\t{\n\t\t\t\tfont-family: Cabin;\n\t\t\t}\n\t\t\t@media (max-width : 480px) {\n\t\t\t\thtml .dedicated-page,\n\t\t\t\thtml .dedicated-page .formcraft-css .fc-pagination > div.active\n\t\t\t\t{\n\t\t\t\t\tbackground: none;\n\t\t\t\t}\n\t\t\t}\n\t\t<\/style>\n\t\t<div class=\"form-cover\">\n\t\t\t<form data-auto-scroll=\"\" data-no-message-redirect=\"\" data-thousand=\"\" data-decimal=\".\" data-delay=\"\" data-id=\"8\" class=\"fc-form fc-form-8 align- fc-temp-class dont-submit-hidden- disable-enter- label-placeholder field-border-hidden frame-visible save-form-true remove-asterisk-true icons-hide-false field-alignment-left\" style=\"width: 480px; color: #666666; font-size: 105%; background: none\">\n\t\t\t\t<!-- ngRepeat: page in Builder.FormElements track by $index --><div class=\"form-page form-page-0\" data-index=\"0\">\n\t\t\t\t\t\n\t\t\t\t\t<div class=\"form-page-content      ng-not-empty\">\n\t\t\t\t\t\t<div data-identifier=\"field1\" data-index=\"0\" style=\"width: 50%\" class=\" form-element form-element-field1 options-false form-element-0 default-false form-element-type-oneLineText is-required-true odd -handle\">\n\t\t\t\t\t\t\t<div class=\"form-element-html\"><div ><label class=\"oneLineText-cover field-cover  \"><span class=\"sub-label-false\"><span class=\"main-label\"><span >Voname<\/span><\/span><span class=\"sub-label\"><\/span><\/span><div><span class=\"error\"><\/span><input type=\"text\" placeholder=\"Voname\" make-read-only=\"false\" data-field-id=\"field1\" name=\"field1[]\" data-min-char=\"\" data-max-char=\"\" data-val-type=\"\" data-regexp=\"\" data-is-required=\"true\" data-allow-spaces=\"\" class=\"validation-lenient\" data-placement=\"right\" data-toggle=\"tooltip\" tooltip=\"\" data-trigger=\"focus\" data-html=\"true\" data-input-mask=\"\" data-mask-placeholder=\"\" data-original-title=\"\"><i class=\"formcraft-icon formcraft-icon-type-\"><\/i><\/div><\/label><\/div><\/div>\n\t\t\t\t\t\t\t\n\t\t\t\t\t\t<\/div><div data-identifier=\"field2\" data-index=\"1\" style=\"width: 50%\" class=\" even form-element form-element-field2 options-false form-element-1 default-false form-element-type-oneLineText is-required-true -handle\">\n\t\t\t\t\t\t\t<div class=\"form-element-html\"><div ><label class=\"oneLineText-cover field-cover  \"><span class=\"sub-label-false\"><span class=\"main-label\"><span >Nachname<\/span><\/span><span class=\"sub-label\"><\/span><\/span><div><span class=\"error\"><\/span><input type=\"text\" placeholder=\"Nachname\" make-read-only=\"false\" data-field-id=\"field2\" name=\"field2[]\" data-min-char=\"\" data-max-char=\"\" data-val-type=\"\" data-regexp=\"\" data-is-required=\"true\" data-allow-spaces=\"\" class=\"validation-lenient\" data-placement=\"right\" data-toggle=\"tooltip\" tooltip=\"\" data-trigger=\"focus\" data-html=\"true\" data-input-mask=\"\" data-mask-placeholder=\"\" data-original-title=\"\"><i class=\"formcraft-icon formcraft-icon-type-\"><\/i><\/div><\/label><\/div><\/div>\n\t\t\t\t\t\t\t\n\t\t\t\t\t\t<\/div><div data-identifier=\"field3\" data-index=\"2\" style=\"width: 100%\" class=\" form-element form-element-field3 options-true form-element-2 default-false form-element-type-email is-required-true odd -handle\">\n\t\t\t\t\t\t\t<div class=\"form-element-html\"><div ><label class=\"email-cover field-cover  \"><span class=\"sub-label-true\"><span class=\"main-label\"><span >E-Mail-Adresse<\/span><\/span><span class=\"sub-label\"><\/span><\/span><div><span class=\"error\"><\/span><input placeholder=\"E-Mail-Adresse\" data-field-id=\"field3\" type=\"text\" data-val-type=\"email\" make-read-only=\"\" data-is-required=\"true\" name=\"field3\" class=\"validation-lenient\" data-placement=\"right\" data-toggle=\"tooltip\" tooltip=\"\" data-trigger=\"focus\" data-html=\"true\" data-original-title=\"\"><i class=\"formcraft-icon\">email<\/i><\/div><\/label><\/div><\/div>\n\t\t\t\t\t\t\t\n\t\t\t\t\t\t<\/div><div data-identifier=\"field4\" data-index=\"3\" style=\"width: 100%\" class=\" even form-element form-element-field4 options-false form-element-3 default-false form-element-type-oneLineText is-required-true -handle\">\n\t\t\t\t\t\t\t<div class=\"form-element-html\"><div ><label class=\"oneLineText-cover field-cover  \"><span class=\"sub-label-false\"><span class=\"main-label\"><span >Telefonnummer<\/span><\/span><span class=\"sub-label\"><\/span><\/span><div><span class=\"error\"><\/span><input type=\"text\" placeholder=\"Telefonnummer\" make-read-only=\"false\" data-field-id=\"field4\" name=\"field4[]\" data-min-char=\"\" data-max-char=\"\" data-val-type=\"\" data-regexp=\"\" data-is-required=\"true\" data-allow-spaces=\"\" class=\"validation-lenient\" data-placement=\"right\" data-toggle=\"tooltip\" tooltip=\"\" data-trigger=\"focus\" data-html=\"true\" data-input-mask=\"\" data-mask-placeholder=\"\" data-original-title=\"Ex: +39xxxxxxxxx\"><i class=\"formcraft-icon formcraft-icon-type-phone\">phone<\/i><\/div><\/label><\/div><\/div>\n\t\t\t\t\t\t\t\n\t\t\t\t\t\t<\/div><div data-identifier=\"field11\" data-index=\"4\" style=\"width: 100%\" class=\" form-element form-element-field11 options-true form-element-4 default-false form-element-type-textarea is-required-false odd -handle\">\n\t\t\t\t\t\t\t<div class=\"form-element-html\"><div ><label class=\"textarea-cover field-cover  \"><span class=\"sub-label-false\"><span class=\"main-label\"><span >Weitere Informationen<\/span><\/span><span class=\"sub-label\"><\/span><\/span><div><span class=\"error\"><\/span><textarea data-field-id=\"field11\" placeholder=\"Weitere Informationen\" class=\"validation-lenient\" name=\"field11\" value=\"\" rows=\"5\" data-min-char=\"\" data-max-char=\"\" data-is-required=\"false\" data-placement=\"right\" data-toggle=\"tooltip\" tooltip=\"\" data-trigger=\"focus\" data-html=\"true\" data-original-title=\"\" style=\"min-height: 133.283px\"><\/textarea><div class=\"count-\"><span class=\"current-count\">0<\/span> \/ <span class=\"max-count \"><\/span><\/div><\/div><\/label><\/div><\/div>\n\t\t\t\t\t\t\t\n\t\t\t\t\t\t<\/div><div data-identifier=\"field10\" data-index=\"5\" style=\"width: 100%\" class=\" even form-element form-element-field10 options-true form-element-5 default-false form-element-type-submit is-required-false -handle\">\n\t\t\t\t\t\t\t<div class=\"form-element-html\"><div ><div class=\"align-center wide-false submit-cover field-cover\"><button type=\"submit\" class=\"button submit-button\"><span class=\"text \">Jetzt reservieren<\/span><span class=\"spin-cover\"><i style=\"color:\" class=\"loading-icon icon-cog animate-spin\"><\/i><\/span><\/button><\/div><div class=\"submit-response \"><\/div><label ><input type=\"text\" class=\"required_field\" name=\"website\" autocomplete=\"maple-syrup-pot\"><\/label><\/div><\/div>\n\t\t\t\t\t\t\t\n\t\t\t\t\t\t<\/div>\n\t\t\t\t\t<\/div>\n\t\t\t\t<\/div><!-- end ngRepeat: page in Builder.FormElements track by $index -->\n\t\t\t<\/form>\n\t\t\t<div class=\"prev-next prev-next-1\" style=\"width: 480px; color: #666666; font-size: 105%; background: none\">\n\t\t\t\t<div>\n\t\t\t\t\t\n\t\t\t\t\t<span class=\"inactive page-prev \"><i class=\"formcraft-icon\">keyboard_arrow_left<\/i>Previous<\/span><\/div>\n\t\t\t\t<div>\n\t\t\t\t\t\n\t\t\t\t\t<span class=\"page-next \">Next<i class=\"formcraft-icon\">keyboard_arrow_right<\/i><\/span><\/div>\n\t\t\t<\/div>\n\t\t<\/div><\/div><\/div>\n\t\t\t\t<\/div>\n\t\t\t\t<\/div>\n\t\t\t\t<\/div>\n\t\t\t\t\t<\/div>\n\t\t\t\t<\/div>\n\t\t\t\t<section class=\"elementor-section elementor-top-section elementor-element elementor-element-2ea39b8 has-white-top-shape elementor-section-boxed elementor-section-height-default elementor-section-height-default\" data-id=\"2ea39b8\" data-element_type=\"section\" data-settings=\"{&quot;background_background&quot;:&quot;classic&quot;,&quot;background_motion_fx_motion_fx_scrolling&quot;:&quot;yes&quot;,&quot;background_motion_fx_opacity_effect&quot;:&quot;yes&quot;,&quot;background_motion_fx_opacity_level&quot;:{&quot;unit&quot;:&quot;px&quot;,&quot;size&quot;:1,&quot;sizes&quot;:[]},&quot;background_motion_fx_opacity_range&quot;:{&quot;unit&quot;:&quot;%&quot;,&quot;size&quot;:&quot;&quot;,&quot;sizes&quot;:{&quot;start&quot;:50,&quot;end&quot;:100}},&quot;background_motion_fx_blur_effect&quot;:&quot;yes&quot;,&quot;background_motion_fx_blur_level&quot;:{&quot;unit&quot;:&quot;px&quot;,&quot;size&quot;:15,&quot;sizes&quot;:[]},&quot;background_motion_fx_blur_range&quot;:{&quot;unit&quot;:&quot;%&quot;,&quot;size&quot;:&quot;&quot;,&quot;sizes&quot;:{&quot;start&quot;:79,&quot;end&quot;:100}},&quot;background_motion_fx_motion_fx_mouse&quot;:&quot;yes&quot;,&quot;wdt_bg_image&quot;:{&quot;url&quot;:&quot;&quot;,&quot;id&quot;:&quot;&quot;,&quot;size&quot;:&quot;&quot;},&quot;wdt_bg_image_tablet&quot;:{&quot;url&quot;:&quot;&quot;,&quot;id&quot;:&quot;&quot;,&quot;size&quot;:&quot;&quot;},&quot;wdt_bg_image_mobile&quot;:{&quot;url&quot;:&quot;&quot;,&quot;id&quot;:&quot;&quot;,&quot;size&quot;:&quot;&quot;},&quot;wdt_bg_position&quot;:&quot;center center&quot;,&quot;wdt_animation_effect&quot;:&quot;none&quot;,&quot;background_motion_fx_opacity_direction&quot;:&quot;out-in&quot;,&quot;background_motion_fx_blur_direction&quot;:&quot;out-in&quot;,&quot;background_motion_fx_devices&quot;:[&quot;desktop&quot;,&quot;tablet&quot;,&quot;mobile&quot;]}\">\n\t\t\t\t\t\t<div class=\"elementor-container elementor-column-gap-extended\">\n\t\t\t\t\t<div class=\"elementor-column elementor-col-100 elementor-top-column elementor-element elementor-element-d4404d1\" data-id=\"d4404d1\" data-element_type=\"column\">\n\t\t\t<div class=\"elementor-widget-wrap elementor-element-populated\">\n\t\t\t\t\t\t<div class=\"elementor-element elementor-element-658950a elementor-widget elementor-widget-image\" data-id=\"658950a\" data-element_type=\"widget\" data-settings=\"{&quot;wdt_animation_effect&quot;:&quot;none&quot;,&quot;aos_animation_name&quot;:&quot;none&quot;}\" data-widget_type=\"image.default\">\n\t\t\t\t<div class=\"elementor-widget-container\">\n\t\t\t\t\t\t\t\t\t\t\t\t\t<img decoding=\"async\" width=\"200\" height=\"202\" src=\"https:\/\/discoveraroundmorocco.com\/media\/2024\/02\/DiscoverAroundMorocco-1.png\" class=\"attachment-large size-large wp-image-6069\" alt=\"\" \/>\t\t\t\t\t\t\t\t\t\t\t\t\t<\/div>\n\t\t\t\t<\/div>\n\t\t\t\t<div class=\"elementor-element elementor-element-21b01ad elementor-widget elementor-widget-spacer\" data-id=\"21b01ad\" data-element_type=\"widget\" data-settings=\"{&quot;wdt_animation_effect&quot;:&quot;none&quot;,&quot;aos_animation_name&quot;:&quot;none&quot;}\" data-widget_type=\"spacer.default\">\n\t\t\t\t<div class=\"elementor-widget-container\">\n\t\t\t\t\t<div class=\"elementor-spacer\">\n\t\t\t<div class=\"elementor-spacer-inner\"><\/div>\n\t\t<\/div>\n\t\t\t\t<\/div>\n\t\t\t\t<\/div>\n\t\t\t\t<div class=\"elementor-element elementor-element-8d39789 elementor-widget__width-initial elementor-widget elementor-widget-text-editor\" data-id=\"8d39789\" data-element_type=\"widget\" data-settings=\"{&quot;wdt_animation_effect&quot;:&quot;none&quot;,&quot;aos_animation_name&quot;:&quot;none&quot;}\" data-widget_type=\"text-editor.default\">\n\t\t\t\t<div class=\"elementor-widget-container\">\n\t\t\t\t\t\t\t<span style=\"color: #ffffff;\">Discover Around Morocco l\u00e4dt Sie ein, die faszinierende Sch\u00f6nheit und reiche Kultur Marokkos zu erkunden. Genie\u00dfen Sie ma\u00dfgeschneiderte Touren, von den gesch\u00e4ftigen M\u00e4rkten von Marrakesch bis zu den friedlichen D\u00fcnen der Sahara. Ob W\u00fcstenabenteuer oder Entspannung am Meer \u2013 jede Reise enth\u00fcllt die verborgenen Sch\u00e4tze Marokkos und verspricht unvergessliche Erlebnisse.<\/span>\t\t\t\t\t\t<\/div>\n\t\t\t\t<\/div>\n\t\t\t\t<div class=\"elementor-element elementor-element-fca8d6e elementor-widget elementor-widget-spacer\" data-id=\"fca8d6e\" data-element_type=\"widget\" data-settings=\"{&quot;wdt_animation_effect&quot;:&quot;none&quot;,&quot;aos_animation_name&quot;:&quot;none&quot;}\" data-widget_type=\"spacer.default\">\n\t\t\t\t<div class=\"elementor-widget-container\">\n\t\t\t\t\t<div class=\"elementor-spacer\">\n\t\t\t<div class=\"elementor-spacer-inner\"><\/div>\n\t\t<\/div>\n\t\t\t\t<\/div>\n\t\t\t\t<\/div>\n\t\t\t\t<div class=\"elementor-element elementor-element-23faf2d elementor-widget__width-inherit elementor-widget elementor-widget-text-editor\" data-id=\"23faf2d\" data-element_type=\"widget\" data-settings=\"{&quot;wdt_animation_effect&quot;:&quot;none&quot;,&quot;aos_animation_name&quot;:&quot;none&quot;}\" data-widget_type=\"text-editor.default\">\n\t\t\t\t<div class=\"elementor-widget-container\">\n\t\t\t\t\t\t\t<p>&copy; 2003 &#8211; 2024 | Alle Rechte vorbehalten.<br \/>\nPowered : <a href=\"https:\/\/houssine.net\">Houssine.NET<\/a><\/p>\t\t\t\t\t\t<\/div>\n\t\t\t\t<\/div>\n\t\t\t\t\t<\/div>\n\t\t<\/div>\n\t\t\t\t\t<\/div>\n\t\t<\/section>\n\t\t\t\t<\/div>\n\t\t","protected":false},"excerpt":{"rendered":"<p>Reservierung \ud83d\udc2a Buchen Sie Ihr n\u00e4chstes Abenteuer mit Discover Around Morocco! Discover Around Morocco l\u00e4dt Sie ein, die faszinierende Sch\u00f6nheit und reiche Kultur Marokkos zu erkunden. Genie\u00dfen Sie ma\u00dfgeschneiderte Touren, von den gesch\u00e4ftigen M\u00e4rkten von Marrakesch bis zu den friedlichen D\u00fcnen der Sahara. Ob W\u00fcstenabenteuer oder Entspannung am Meer \u2013 jede Reise enth\u00fcllt die verborgenen [&hellip;]<\/p>\n","protected":false},"author":1,"featured_media":9409,"parent":0,"menu_order":0,"comment_status":"closed","ping_status":"closed","template":"elementor_header_footer","meta":{"_acf_changed":false,"footnotes":""},"class_list":["post-9408","page","type-page","status-publish","has-post-thumbnail","hentry"],"acf":[],"aioseo_notices":[],"_links":{"self":[{"href":"https:\/\/discoveraroundmorocco.com\/de\/wp-json\/wp\/v2\/pages\/9408","targetHints":{"allow":["GET"]}}],"collection":[{"href":"https:\/\/discoveraroundmorocco.com\/de\/wp-json\/wp\/v2\/pages"}],"about":[{"href":"https:\/\/discoveraroundmorocco.com\/de\/wp-json\/wp\/v2\/types\/page"}],"author":[{"embeddable":true,"href":"https:\/\/discoveraroundmorocco.com\/de\/wp-json\/wp\/v2\/users\/1"}],"replies":[{"embeddable":true,"href":"https:\/\/discoveraroundmorocco.com\/de\/wp-json\/wp\/v2\/comments?post=9408"}],"version-history":[{"count":0,"href":"https:\/\/discoveraroundmorocco.com\/de\/wp-json\/wp\/v2\/pages\/9408\/revisions"}],"wp:featuredmedia":[{"embeddable":true,"href":"https:\/\/discoveraroundmorocco.com\/de\/wp-json\/wp\/v2\/media\/9409"}],"wp:attachment":[{"href":"https:\/\/discoveraroundmorocco.com\/de\/wp-json\/wp\/v2\/media?parent=9408"}],"curies":[{"name":"wp","href":"https:\/\/api.w.org\/{rel}","templated":true}]}}