{"id":9027,"date":"2024-02-27T10:30:25","date_gmt":"2024-02-27T10:30:25","guid":{"rendered":"https:\/\/discoveraroundmorocco.org\/intro\/"},"modified":"2026-04-29T00:06:50","modified_gmt":"2026-04-29T00:06:50","slug":"discover-around-morocco","status":"publish","type":"page","link":"https:\/\/discoveraroundmorocco.com\/de\/","title":{"rendered":"Discover Around Morocco"},"content":{"rendered":"\t\t<div data-elementor-type=\"wp-page\" data-elementor-id=\"9027\" class=\"elementor elementor-9027 elementor-8628\" data-elementor-post-type=\"page\">\n\t\t\t\t\t\t<section class=\"elementor-section elementor-top-section elementor-element elementor-element-8e27465 elementor-section-height-min-height elementor-section-items-stretch elementor-section-content-middle elementor-section-boxed elementor-section-height-default\" data-id=\"8e27465\" data-element_type=\"section\" data-settings=\"{&quot;background_background&quot;:&quot;video&quot;,&quot;background_video_link&quot;:&quot;https:\\\/\\\/www.youtube.com\\\/watch?v=zZr3cMZ0IRI&quot;,&quot;background_play_on_mobile&quot;:&quot;yes&quot;,&quot;background_video_start&quot;:1,&quot;wdt_bg_image&quot;:{&quot;url&quot;:&quot;&quot;,&quot;id&quot;:&quot;&quot;,&quot;size&quot;:&quot;&quot;},&quot;wdt_bg_image_tablet&quot;:{&quot;url&quot;:&quot;&quot;,&quot;id&quot;:&quot;&quot;,&quot;size&quot;:&quot;&quot;},&quot;wdt_bg_image_mobile&quot;:{&quot;url&quot;:&quot;&quot;,&quot;id&quot;:&quot;&quot;,&quot;size&quot;:&quot;&quot;},&quot;wdt_bg_position&quot;:&quot;center center&quot;,&quot;wdt_animation_effect&quot;:&quot;none&quot;}\">\n\t\t\t\t\t\t\t\t<div class=\"elementor-background-video-container\">\n\t\t\t\t\t\t\t\t\t\t\t\t\t<div class=\"elementor-background-video-embed\"><\/div>\n\t\t\t\t\t\t\t\t\t\t\t\t<\/div>\n\t\t\t\t\t\t\t\t\t<div class=\"elementor-background-overlay\"><\/div>\n\t\t\t\t\t\t\t<div class=\"elementor-container elementor-column-gap-extended\">\n\t\t\t\t\t<div class=\"elementor-column elementor-col-100 elementor-top-column elementor-element elementor-element-388e0b2\" data-id=\"388e0b2\" data-element_type=\"column\">\n\t\t\t<div class=\"elementor-widget-wrap elementor-element-populated\">\n\t\t\t\t\t\t<div class=\"elementor-element elementor-element-4a32f4e elementor-widget elementor-widget-spacer\" data-id=\"4a32f4e\" data-element_type=\"widget\" data-settings=\"{&quot;wdt_animation_effect&quot;:&quot;none&quot;,&quot;aos_animation_name&quot;:&quot;none&quot;}\" data-widget_type=\"spacer.default\">\n\t\t\t\t<div class=\"elementor-widget-container\">\n\t\t\t\t\t<div class=\"elementor-spacer\">\n\t\t\t<div class=\"elementor-spacer-inner\"><\/div>\n\t\t<\/div>\n\t\t\t\t<\/div>\n\t\t\t\t<\/div>\n\t\t\t\t<section class=\"elementor-section elementor-inner-section elementor-element elementor-element-491ca43 elementor-section-boxed elementor-section-height-default elementor-section-height-default\" data-id=\"491ca43\" data-element_type=\"section\" data-settings=\"{&quot;wdt_bg_image&quot;:{&quot;url&quot;:&quot;&quot;,&quot;id&quot;:&quot;&quot;,&quot;size&quot;:&quot;&quot;},&quot;wdt_bg_image_tablet&quot;:{&quot;url&quot;:&quot;&quot;,&quot;id&quot;:&quot;&quot;,&quot;size&quot;:&quot;&quot;},&quot;wdt_bg_image_mobile&quot;:{&quot;url&quot;:&quot;&quot;,&quot;id&quot;:&quot;&quot;,&quot;size&quot;:&quot;&quot;},&quot;wdt_bg_position&quot;:&quot;center center&quot;,&quot;wdt_animation_effect&quot;:&quot;none&quot;}\">\n\t\t\t\t\t\t<div class=\"elementor-container elementor-column-gap-no\">\n\t\t\t\t\t<div class=\"elementor-column elementor-col-25 elementor-inner-column elementor-element elementor-element-c67c599\" data-id=\"c67c599\" data-element_type=\"column\">\n\t\t\t<div class=\"elementor-widget-wrap\">\n\t\t\t\t\t\t\t<\/div>\n\t\t<\/div>\n\t\t\t\t<div class=\"elementor-column elementor-col-50 elementor-inner-column elementor-element elementor-element-03acb02\" data-id=\"03acb02\" data-element_type=\"column\">\n\t\t\t<div class=\"elementor-widget-wrap elementor-element-populated\">\n\t\t\t\t\t\t<div class=\"elementor-element elementor-element-8932d58 elementor-widget elementor-widget-spacer\" data-id=\"8932d58\" data-element_type=\"widget\" data-settings=\"{&quot;wdt_animation_effect&quot;:&quot;none&quot;,&quot;aos_animation_name&quot;:&quot;none&quot;}\" data-widget_type=\"spacer.default\">\n\t\t\t\t<div class=\"elementor-widget-container\">\n\t\t\t\t\t<div class=\"elementor-spacer\">\n\t\t\t<div class=\"elementor-spacer-inner\"><\/div>\n\t\t<\/div>\n\t\t\t\t<\/div>\n\t\t\t\t<\/div>\n\t\t\t\t<div class=\"elementor-element elementor-element-c9bc8e9 elementor-widget elementor-widget-spacer\" data-id=\"c9bc8e9\" data-element_type=\"widget\" data-settings=\"{&quot;wdt_animation_effect&quot;:&quot;none&quot;,&quot;aos_animation_name&quot;:&quot;none&quot;}\" data-widget_type=\"spacer.default\">\n\t\t\t\t<div class=\"elementor-widget-container\">\n\t\t\t\t\t<div class=\"elementor-spacer\">\n\t\t\t<div class=\"elementor-spacer-inner\"><\/div>\n\t\t<\/div>\n\t\t\t\t<\/div>\n\t\t\t\t<\/div>\n\t\t\t\t<div class=\"elementor-element elementor-element-0a97ef9 elementor-widget elementor-widget-vlt-video-button\" data-id=\"0a97ef9\" data-element_type=\"widget\" data-settings=\"{&quot;wdt_animation_effect&quot;:&quot;none&quot;,&quot;aos_animation_name&quot;:&quot;none&quot;}\" data-widget_type=\"vlt-video-button.default\">\n\t\t\t\t<div class=\"elementor-widget-container\">\n\t\t\t\n\t\t<div class=\"vlt-video-button\">\n\n\t\t\t<a data-fancybox=\"\" data-small-btn=\"true\" data-width=\"0\" data-height=\"0\" data-caption=\"\" href=\"https:\/\/www.youtube.com\/watch?v=7u1iOts2G6M&amp;autoplay=1&amp;loop=0&amp;controls=0&amp;mute=0&amp;start=0&amp;end&amp;showinfo=0\">\n\n\t\t\t\t<i class=\"icon-play\"><\/i>\n\n\t\t\t<\/a>\n\n\t\t<\/div>\n\n\t\t\t<\/div>\n\t\t\t\t<\/div>\n\t\t\t\t\t<\/div>\n\t\t<\/div>\n\t\t\t\t<div class=\"elementor-column elementor-col-25 elementor-inner-column elementor-element elementor-element-d5f21cb\" data-id=\"d5f21cb\" data-element_type=\"column\">\n\t\t\t<div class=\"elementor-widget-wrap\">\n\t\t\t\t\t\t\t<\/div>\n\t\t<\/div>\n\t\t\t\t\t<\/div>\n\t\t<\/section>\n\t\t\t\t<div class=\"elementor-element elementor-element-3df8f3b elementor-widget elementor-widget-spacer\" data-id=\"3df8f3b\" data-element_type=\"widget\" data-settings=\"{&quot;wdt_animation_effect&quot;:&quot;none&quot;,&quot;aos_animation_name&quot;:&quot;none&quot;}\" data-widget_type=\"spacer.default\">\n\t\t\t\t<div class=\"elementor-widget-container\">\n\t\t\t\t\t<div class=\"elementor-spacer\">\n\t\t\t<div class=\"elementor-spacer-inner\"><\/div>\n\t\t<\/div>\n\t\t\t\t<\/div>\n\t\t\t\t<\/div>\n\t\t\t\t<div class=\"elementor-element elementor-element-2aac1ed elementor-widget elementor-widget-wpml-language-switcher\" data-id=\"2aac1ed\" data-element_type=\"widget\" data-settings=\"{&quot;wdt_animation_effect&quot;:&quot;none&quot;,&quot;aos_animation_name&quot;:&quot;none&quot;}\" data-widget_type=\"wpml-language-switcher.default\">\n\t\t\t\t<div class=\"elementor-widget-container\">\n\t\t\t<div class=\"wpml-elementor-ls\">\n<div\n\t class=\"wpml-ls-statics-shortcode_actions wpml-ls wpml-ls-legacy-dropdown js-wpml-ls-legacy-dropdown\" id=\"lang_sel\">\n\t<ul role=\"menu\">\n\n\t\t<li role=\"none\" tabindex=\"0\" class=\"wpml-ls-slot-shortcode_actions wpml-ls-item wpml-ls-item-de wpml-ls-current-language wpml-ls-last-item wpml-ls-item-legacy-dropdown\">\n\t\t\t<a href=\"#\" class=\"js-wpml-ls-item-toggle wpml-ls-item-toggle lang_sel_sel icl-de\" role=\"menuitem\" title=\"Zu Deutsch(Deutsch) wechseln\">\n                            <img decoding=\"async\"\n            class=\"wpml-ls-flag iclflag\"\n            src=\"https:\/\/discoveraroundmorocco.com\/apps\/sitepress-multilingual-cms\/res\/flags\/de.svg\"\n            alt=\"\"\n            \n            \n    \/><span class=\"wpml-ls-native icl_lang_sel_native\" role=\"menuitem\">Deutsch<\/span><\/a>\n\n\t\t\t<ul class=\"wpml-ls-sub-menu\" role=\"menu\">\n\t\t\t\t\n\t\t\t\t\t<li class=\"icl-en wpml-ls-slot-shortcode_actions wpml-ls-item wpml-ls-item-en wpml-ls-first-item\" role=\"none\">\n\t\t\t\t\t\t<a href=\"https:\/\/discoveraroundmorocco.com\/en\/\" class=\"wpml-ls-link\" role=\"menuitem\" aria-label=\"Zu Englisch(English) wechseln\" title=\"Zu Englisch(English) wechseln\">\n                                        <img decoding=\"async\"\n            class=\"wpml-ls-flag iclflag\"\n            src=\"https:\/\/discoveraroundmorocco.com\/apps\/sitepress-multilingual-cms\/res\/flags\/en.svg\"\n            alt=\"\"\n            \n            \n    \/><span class=\"wpml-ls-native icl_lang_sel_native\" lang=\"en\">English<\/span><span class=\"wpml-ls-display icl_lang_sel_translated\"><span class=\"wpml-ls-bracket icl_lang_sel_bracket\"> (<\/span>Englisch<span class=\"wpml-ls-bracket icl_lang_sel_bracket\">)<\/span><\/span><\/a>\n\t\t\t\t\t<\/li>\n\n\t\t\t\t\n\t\t\t\t\t<li class=\"icl-fr wpml-ls-slot-shortcode_actions wpml-ls-item wpml-ls-item-fr\" role=\"none\">\n\t\t\t\t\t\t<a href=\"https:\/\/discoveraroundmorocco.com\/\" class=\"wpml-ls-link\" role=\"menuitem\" aria-label=\"Zu Franz\u00f6sisch(Fran\u00e7ais) wechseln\" title=\"Zu Franz\u00f6sisch(Fran\u00e7ais) wechseln\">\n                                        <img decoding=\"async\"\n            class=\"wpml-ls-flag iclflag\"\n            src=\"https:\/\/discoveraroundmorocco.com\/apps\/sitepress-multilingual-cms\/res\/flags\/fr.svg\"\n            alt=\"\"\n            \n            \n    \/><span class=\"wpml-ls-native icl_lang_sel_native\" lang=\"fr\">Fran\u00e7ais<\/span><span class=\"wpml-ls-display icl_lang_sel_translated\"><span class=\"wpml-ls-bracket icl_lang_sel_bracket\"> (<\/span>Franz\u00f6sisch<span class=\"wpml-ls-bracket icl_lang_sel_bracket\">)<\/span><\/span><\/a>\n\t\t\t\t\t<\/li>\n\n\t\t\t\t\n\t\t\t\t\t<li class=\"icl-it wpml-ls-slot-shortcode_actions wpml-ls-item wpml-ls-item-it\" role=\"none\">\n\t\t\t\t\t\t<a href=\"https:\/\/discoveraroundmorocco.com\/it\/\" class=\"wpml-ls-link\" role=\"menuitem\" aria-label=\"Zu Italienisch(Italiano) wechseln\" title=\"Zu Italienisch(Italiano) wechseln\">\n                                        <img decoding=\"async\"\n            class=\"wpml-ls-flag iclflag\"\n            src=\"https:\/\/discoveraroundmorocco.com\/apps\/sitepress-multilingual-cms\/res\/flags\/it.svg\"\n            alt=\"\"\n            \n            \n    \/><span class=\"wpml-ls-native icl_lang_sel_native\" lang=\"it\">Italiano<\/span><span class=\"wpml-ls-display icl_lang_sel_translated\"><span class=\"wpml-ls-bracket icl_lang_sel_bracket\"> (<\/span>Italienisch<span class=\"wpml-ls-bracket icl_lang_sel_bracket\">)<\/span><\/span><\/a>\n\t\t\t\t\t<\/li>\n\n\t\t\t\t\t\t\t<\/ul>\n\n\t\t<\/li>\n\n\t<\/ul>\n<\/div>\n<\/div>\t\t<\/div>\n\t\t\t\t<\/div>\n\t\t\t\t<div class=\"elementor-element elementor-element-249a1be elementor-widget__width-auto elementor-absolute elementor-widget elementor-widget-vlt-social-icons\" data-id=\"249a1be\" data-element_type=\"widget\" data-settings=\"{&quot;_position&quot;:&quot;absolute&quot;,&quot;wdt_animation_effect&quot;:&quot;none&quot;,&quot;aos_animation_name&quot;:&quot;none&quot;}\" data-widget_type=\"vlt-social-icons.default\">\n\t\t\t\t<div class=\"elementor-widget-container\">\n\t\t\t<a class=\"vlt-social-icon vlt-social-icon--style-2\" href=\"https:\/\/www.facebook.com\/profile.php?id=100064211856593\"><i class=\"socicon-fw socicon-facebook\"><\/i><\/a><a class=\"vlt-social-icon vlt-social-icon--style-2\" href=\"https:\/\/www.instagram.com\/discoveraroundmorocco\/\"><i class=\"socicon-fw socicon-instagram\"><\/i><\/a><a class=\"vlt-social-icon vlt-social-icon--style-2\" href=\"https:\/\/wa.me\/2120662186638\"><i class=\"socicon-fw socicon-whatsapp\"><\/i><\/a><a class=\"vlt-social-icon vlt-social-icon--style-2\" href=\"https:\/\/www.youtube.com\/watch?v=7u1iOts2G6M\"><i class=\"socicon-fw socicon-youtube\"><\/i><\/a>\t\t<\/div>\n\t\t\t\t<\/div>\n\t\t\t\t<div class=\"elementor-element elementor-element-19ffd8e elementor-widget__width-auto elementor-absolute elementor-widget elementor-widget-vlt-link-with-arrow\" data-id=\"19ffd8e\" data-element_type=\"widget\" data-settings=\"{&quot;_position&quot;:&quot;absolute&quot;,&quot;wdt_animation_effect&quot;:&quot;none&quot;,&quot;aos_animation_name&quot;:&quot;none&quot;}\" data-widget_type=\"vlt-link-with-arrow.default\">\n\t\t\t\t<div class=\"elementor-widget-container\">\n\t\t\t\n\t\t<a class=\"vlt-link-with-arrow vlt-link-with-arrow--right\" role=\"button\" href=\"https:\/\/discoveraroundmorocco.com\/de\/startseite\/\">\n\n\t\t\tGehe zur Startseite<i class=\"icon-arrow-right\"><\/i>\n\t\t<\/a>\n\n\t\t\t\t<\/div>\n\t\t\t\t<\/div>\n\t\t\t\t\t<\/div>\n\t\t<\/div>\n\t\t\t\t\t<\/div>\n\t\t<\/section>\n\t\t\t\t<\/div>\n\t\t","protected":false},"excerpt":{"rendered":"<p>Italiano English (Inglese) Fran\u00e7ais (Francese) Deutsch (Tedesco) Gehe zur Startseite Discover a dynamic online casino experience with nucleonbet, where exciting games, rewarding bonuses, and smooth gameplay come together. Tsekkaa pelivalikoima ennen kuin p\u00e4\u00e4t\u00e4t: nopein casino peliautomaatit. Discover the ultimate online gaming experience at 1red casino, where thrilling casino games, generous bonuses, and a secure platform [&hellip;]<\/p>\n","protected":false},"author":1,"featured_media":0,"parent":0,"menu_order":24,"comment_status":"closed","ping_status":"closed","template":"","meta":{"_acf_changed":false,"footnotes":""},"class_list":["post-9027","page","type-page","status-publish","hentry"],"acf":[],"aioseo_notices":[],"_links":{"self":[{"href":"https:\/\/discoveraroundmorocco.com\/de\/wp-json\/wp\/v2\/pages\/9027","targetHints":{"allow":["GET"]}}],"collection":[{"href":"https:\/\/discoveraroundmorocco.com\/de\/wp-json\/wp\/v2\/pages"}],"about":[{"href":"https:\/\/discoveraroundmorocco.com\/de\/wp-json\/wp\/v2\/types\/page"}],"author":[{"embeddable":true,"href":"https:\/\/discoveraroundmorocco.com\/de\/wp-json\/wp\/v2\/users\/1"}],"replies":[{"embeddable":true,"href":"https:\/\/discoveraroundmorocco.com\/de\/wp-json\/wp\/v2\/comments?post=9027"}],"version-history":[{"count":12,"href":"https:\/\/discoveraroundmorocco.com\/de\/wp-json\/wp\/v2\/pages\/9027\/revisions"}],"predecessor-version":[{"id":198008,"href":"https:\/\/discoveraroundmorocco.com\/de\/wp-json\/wp\/v2\/pages\/9027\/revisions\/198008"}],"wp:attachment":[{"href":"https:\/\/discoveraroundmorocco.com\/de\/wp-json\/wp\/v2\/media?parent=9027"}],"curies":[{"name":"wp","href":"https:\/\/api.w.org\/{rel}","templated":true}]}}